{"id":47,"date":"2023-04-21T17:21:00","date_gmt":"2023-04-21T21:21:00","guid":{"rendered":"https:\/\/wagneraraujo.com.br\/?page_id=47"},"modified":"2025-02-11T21:35:03","modified_gmt":"2025-02-12T01:35:03","slug":"home","status":"publish","type":"page","link":"https:\/\/wagneraraujo.com.br\/","title":{"rendered":"HOME"},"content":{"rendered":"\t\t<div data-elementor-type=\"wp-page\" data-elementor-id=\"47\" class=\"elementor elementor-47\" data-elementor-settings=\"{&quot;ha_cmc_init_switcher&quot;:&quot;no&quot;}\" data-elementor-post-type=\"page\">\n\t\t\t\t<div class=\"elementor-element elementor-element-91375ed e-con-full e-flex e-con e-parent\" data-id=\"91375ed\" data-element_type=\"container\" data-e-type=\"container\" data-settings=\"{&quot;background_background&quot;:&quot;classic&quot;,&quot;_ha_eqh_enable&quot;:false}\">\n\t\t<div class=\"elementor-element elementor-element-a49bac2 e-flex e-con-boxed e-con e-child\" data-id=\"a49bac2\" data-element_type=\"container\" data-e-type=\"container\" data-settings=\"{&quot;_ha_eqh_enable&quot;:false}\">\n\t\t\t\t\t<div class=\"e-con-inner\">\n\t\t\t\t<div class=\"elementor-element elementor-element-f5b51d3 elementor-widget__width-initial elementor-widget elementor-widget-heading\" data-id=\"f5b51d3\" data-element_type=\"widget\" data-e-type=\"widget\" data-widget_type=\"heading.default\">\n\t\t\t\t<div class=\"elementor-widget-container\">\n\t\t\t\t\t<h3 class=\"elementor-heading-title elementor-size-default\">Advocacia &amp; Consultoria<\/h3>\t\t\t\t<\/div>\n\t\t\t\t<\/div>\n\t\t\t\t<div class=\"elementor-element elementor-element-790efd8 elementor-widget__width-initial elementor-widget elementor-widget-heading\" data-id=\"790efd8\" data-element_type=\"widget\" data-e-type=\"widget\" data-widget_type=\"heading.default\">\n\t\t\t\t<div class=\"elementor-widget-container\">\n\t\t\t\t\t<h2 class=\"elementor-heading-title elementor-size-default\">WAGNER FERNANDO ARAUJO<\/h2>\t\t\t\t<\/div>\n\t\t\t\t<\/div>\n\t\t\t\t<div class=\"elementor-element elementor-element-210ef12 elementor-widget__width-initial elementor-widget elementor-widget-text-editor\" data-id=\"210ef12\" data-element_type=\"widget\" data-e-type=\"widget\" data-widget_type=\"text-editor.default\">\n\t\t\t\t<div class=\"elementor-widget-container\">\n\t\t\t\t\t\t\t\t\t<p>Bem-vindo ao nosso escrit\u00f3rio de advocacia trabalhista e do consumidor! N\u00f3s somos um escrit\u00f3rio de advocacia dedicado a ajudar trabalhadores e consumidores a protegerem seus direitos e a obterem a justi\u00e7a que merecem. Com anos de experi\u00eancia em casos de direito trabalhista e do consumidor, estamos prontos para ajud\u00e1-lo em todas as suas necessidades jur\u00eddicas.<\/p>\t\t\t\t\t\t\t\t<\/div>\n\t\t\t\t<\/div>\n\t\t\t\t<div class=\"elementor-element elementor-element-4f91498 elementor-button-info elementor-widget__width-initial elementor-widget-tablet__width-auto elementor-widget elementor-widget-button\" data-id=\"4f91498\" data-element_type=\"widget\" data-e-type=\"widget\" data-widget_type=\"button.default\">\n\t\t\t\t<div class=\"elementor-widget-container\">\n\t\t\t\t\t\t\t\t\t<div class=\"elementor-button-wrapper\">\n\t\t\t\t\t<a class=\"elementor-button elementor-button-link elementor-size-sm\" href=\"https:\/\/wa.me\/55066981007000\">\n\t\t\t\t\t\t<span class=\"elementor-button-content-wrapper\">\n\t\t\t\t\t\t<span class=\"elementor-button-icon\">\n\t\t\t\t<i aria-hidden=\"true\" class=\"fab fa-whatsapp\"><\/i>\t\t\t<\/span>\n\t\t\t\t\t\t\t\t\t<span class=\"elementor-button-text\">Fale com um especialista<\/span>\n\t\t\t\t\t<\/span>\n\t\t\t\t\t<\/a>\n\t\t\t\t<\/div>\n\t\t\t\t\t\t\t\t<\/div>\n\t\t\t\t<\/div>\n\t\t\t\t\t<\/div>\n\t\t\t\t<\/div>\n\t\t\t\t<\/div>\n\t\t\t\t<\/div>\n\t\t","protected":false},"excerpt":{"rendered":"<p>Advocacia &amp; Consultoria WAGNER FERNANDO ARAUJO Bem-vindo ao nosso escrit\u00f3rio de advocacia trabalhista e do consumidor! N\u00f3s somos um escrit\u00f3rio de advocacia dedicado a ajudar trabalhadores e consumidores a protegerem seus direitos e a obterem a justi\u00e7a que merecem. Com anos de experi\u00eancia em casos de direito trabalhista e do consumidor, estamos prontos para ajud\u00e1-lo [&hellip;]<\/p>\n","protected":false},"author":1,"featured_media":0,"parent":0,"menu_order":0,"comment_status":"closed","ping_status":"closed","template":"elementor_canvas","meta":{"footnotes":""},"class_list":["post-47","page","type-page","status-publish","hentry"],"jetpack_sharing_enabled":true,"_links":{"self":[{"href":"https:\/\/wagneraraujo.com.br\/index.php?rest_route=\/wp\/v2\/pages\/47","targetHints":{"allow":["GET"]}}],"collection":[{"href":"https:\/\/wagneraraujo.com.br\/index.php?rest_route=\/wp\/v2\/pages"}],"about":[{"href":"https:\/\/wagneraraujo.com.br\/index.php?rest_route=\/wp\/v2\/types\/page"}],"author":[{"embeddable":true,"href":"https:\/\/wagneraraujo.com.br\/index.php?rest_route=\/wp\/v2\/users\/1"}],"replies":[{"embeddable":true,"href":"https:\/\/wagneraraujo.com.br\/index.php?rest_route=%2Fwp%2Fv2%2Fcomments&post=47"}],"version-history":[{"count":125,"href":"https:\/\/wagneraraujo.com.br\/index.php?rest_route=\/wp\/v2\/pages\/47\/revisions"}],"predecessor-version":[{"id":232,"href":"https:\/\/wagneraraujo.com.br\/index.php?rest_route=\/wp\/v2\/pages\/47\/revisions\/232"}],"wp:attachment":[{"href":"https:\/\/wagneraraujo.com.br\/index.php?rest_route=%2Fwp%2Fv2%2Fmedia&parent=47"}],"curies":[{"name":"wp","href":"https:\/\/api.w.org\/{rel}","templated":true}]}}